{"id":2347,"date":"2026-03-20T11:43:30","date_gmt":"2026-03-20T09:43:30","guid":{"rendered":"https:\/\/villabottini.it\/?page_id=2347"},"modified":"2026-03-20T11:49:26","modified_gmt":"2026-03-20T09:49:26","slug":"news","status":"publish","type":"page","link":"https:\/\/villabottini.it\/en\/news\/","title":{"rendered":"News"},"content":{"rendered":"<div class=\"wp-block-query is-layout-flow wp-block-query-is-layout-flow\"><ul class=\"wp-block-post-template is-layout-flow wp-block-post-template-is-layout-flow\"><li class=\"wp-block-post post-2378 post type-post status-publish format-standard has-post-thumbnail hentry category-news\">\n<h2 class=\"wp-block-post-title\"><a href=\"https:\/\/villabottini.it\/en\/tavola-di-primavera-la-prima-esperienza-di-cucina-privata-a-villa-bottini\/\" target=\"_self\" >Tavola di Primavera &#8211; la prima esperienza di cucina privata a Villa Bottini<\/a><\/h2>\n\n<figure class=\"alignwide wp-block-post-featured-image\"><a href=\"https:\/\/villabottini.it\/en\/tavola-di-primavera-la-prima-esperienza-di-cucina-privata-a-villa-bottini\/\" target=\"_self\"  ><img loading=\"lazy\" decoding=\"async\" width=\"1200\" height=\"675\" src=\"https:\/\/villabottini.it\/wp-content\/uploads\/2026\/04\/Post_Dinner_Villa_1-12.jpg\" class=\"attachment-post-thumbnail size-post-thumbnail wp-post-image\" alt=\"Tavola di Primavera &#8211; la prima esperienza di cucina privata a Villa Bottini\" style=\"object-fit:cover;\" srcset=\"https:\/\/villabottini.it\/wp-content\/uploads\/2026\/04\/Post_Dinner_Villa_1-12.jpg 1200w, https:\/\/villabottini.it\/wp-content\/uploads\/2026\/04\/Post_Dinner_Villa_1-12-960x540.jpg 960w, https:\/\/villabottini.it\/wp-content\/uploads\/2026\/04\/Post_Dinner_Villa_1-12-768x432.jpg 768w, https:\/\/villabottini.it\/wp-content\/uploads\/2026\/04\/Post_Dinner_Villa_1-12-18x10.jpg 18w\" sizes=\"auto, (max-width: 1200px) 100vw, 1200px\" \/><\/a><\/figure>\n\n<div class=\"wp-block-post-excerpt\"><p class=\"wp-block-post-excerpt__excerpt\">Prenotazioni aperte info@villabottini.it Ci sono momenti in cui la primavera si lascia davvero incontrare.Non nei gesti frettolosi, ma nelle pause, nei dettagli, nei sapori che seguono il ritmo della stagione. Il 26 aprile, Villa Bottini apre le sue porte a un\u2019esperienza nuova, pensata per essere vissuta lentamente:un pranzo privato, firmato da uno chef, dove ogni&hellip; <\/p><\/div>\n\n\n<hr class=\"wp-block-separator has-css-opacity\"\/>\n\n\n<div class=\"wp-block-post-date\"><time datetime=\"2026-04-10T17:06:10+02:00\">10\/04\/2026<\/time><\/div>\n<\/li><li class=\"wp-block-post post-2296 post type-post status-publish format-standard has-post-thumbnail hentry category-news\">\n<h2 class=\"wp-block-post-title\"><a href=\"https:\/\/villabottini.it\/en\/laboratorio-di-casoncelli-a-villa-bottini\/\" target=\"_self\" >Laboratorio di Casoncelli a Villa Bottini<\/a><\/h2>\n\n<figure class=\"alignwide wp-block-post-featured-image\"><a href=\"https:\/\/villabottini.it\/en\/laboratorio-di-casoncelli-a-villa-bottini\/\" target=\"_self\"  ><img loading=\"lazy\" decoding=\"async\" width=\"1920\" height=\"1080\" src=\"https:\/\/villabottini.it\/wp-content\/uploads\/2026\/03\/Lab_pasta_web.webp\" class=\"attachment-post-thumbnail size-post-thumbnail wp-post-image\" alt=\"Laboratorio di Casoncelli a Villa Bottini\" style=\"object-fit:cover;\" srcset=\"https:\/\/villabottini.it\/wp-content\/uploads\/2026\/03\/Lab_pasta_web.webp 1920w, https:\/\/villabottini.it\/wp-content\/uploads\/2026\/03\/Lab_pasta_web-960x540.webp 960w, https:\/\/villabottini.it\/wp-content\/uploads\/2026\/03\/Lab_pasta_web-1280x720.webp 1280w, https:\/\/villabottini.it\/wp-content\/uploads\/2026\/03\/Lab_pasta_web-768x432.webp 768w, https:\/\/villabottini.it\/wp-content\/uploads\/2026\/03\/Lab_pasta_web-18x10.webp 18w, https:\/\/villabottini.it\/wp-content\/uploads\/2026\/03\/Lab_pasta_web-1536x864.webp 1536w\" sizes=\"auto, (max-width: 1920px) 100vw, 1920px\" \/><\/a><\/figure>\n\n<div class=\"wp-block-post-excerpt\"><p class=\"wp-block-post-excerpt__excerpt\">Un pomeriggio tra tradizione, manualit\u00e0 e convivialit\u00e0 Domenica 22 marzo dalle ore 15:00, Villa Bottini apre le sue cucine per un\u2019esperienza autentica dedicata alla pasta fresca fatta a mano. Il Laboratorio di Casoncelli \u00e8 un invito a riscoprire il valore dei gesti semplici, quelli che raccontano storie di famiglia, territorio e condivisione. Mettere le mani&hellip; <\/p><\/div>\n\n\n<hr class=\"wp-block-separator has-css-opacity\"\/>\n\n\n<div class=\"wp-block-post-date\"><time datetime=\"2026-03-18T17:14:16+02:00\">18\/03\/2026<\/time><\/div>\n<\/li><li class=\"wp-block-post post-2257 post type-post status-publish format-standard has-post-thumbnail hentry category-news\">\n<h2 class=\"wp-block-post-title\"><a href=\"https:\/\/villabottini.it\/en\/larte-del-te-a-villa-bottini\/\" target=\"_self\" >L\u2019arte del t\u00e8 a Villa Bottini<\/a><\/h2>\n\n<figure class=\"alignwide wp-block-post-featured-image\"><a href=\"https:\/\/villabottini.it\/en\/larte-del-te-a-villa-bottini\/\" target=\"_self\"  ><img loading=\"lazy\" decoding=\"async\" width=\"1920\" height=\"1080\" src=\"https:\/\/villabottini.it\/wp-content\/uploads\/2026\/03\/Post_marzo.jpg\" class=\"attachment-post-thumbnail size-post-thumbnail wp-post-image\" alt=\"L\u2019arte del t\u00e8 a Villa Bottini\" style=\"object-fit:cover;\" srcset=\"https:\/\/villabottini.it\/wp-content\/uploads\/2026\/03\/Post_marzo.jpg 1920w, https:\/\/villabottini.it\/wp-content\/uploads\/2026\/03\/Post_marzo-960x540.jpg 960w, https:\/\/villabottini.it\/wp-content\/uploads\/2026\/03\/Post_marzo-1280x720.jpg 1280w, https:\/\/villabottini.it\/wp-content\/uploads\/2026\/03\/Post_marzo-768x432.jpg 768w, https:\/\/villabottini.it\/wp-content\/uploads\/2026\/03\/Post_marzo-18x10.jpg 18w, https:\/\/villabottini.it\/wp-content\/uploads\/2026\/03\/Post_marzo-1536x864.jpg 1536w\" sizes=\"auto, (max-width: 1920px) 100vw, 1920px\" \/><\/a><\/figure>\n\n<div class=\"wp-block-post-excerpt\"><p class=\"wp-block-post-excerpt__excerpt\">Un pomeriggio dedicato alla scoperta del t\u00e8 e della sua tradizione Domenica 15 marzo alle ore 15:00, Villa Bottini ospiter\u00e0 un appuntamento speciale dedicato a una delle bevande pi\u00f9 antiche e affascinanti del mondo: il t\u00e8. \u201cL\u2019arte del t\u00e8 a Villa Bottini\u201d sar\u00e0 un\u2019esperienza raffinata e rilassante che unisce cultura, degustazione e scoperta, in un&hellip; <\/p><\/div>\n\n\n<hr class=\"wp-block-separator has-css-opacity\"\/>\n\n\n<div class=\"wp-block-post-date\"><time datetime=\"2026-03-10T14:52:32+02:00\">10\/03\/2026<\/time><\/div>\n<\/li><li class=\"wp-block-post post-2199 post type-post status-publish format-standard has-post-thumbnail hentry category-news\">\n<h2 class=\"wp-block-post-title\"><a href=\"https:\/\/villabottini.it\/en\/goditi-lopera-rilassati-da-noi\/\" target=\"_self\" >Goditi l&#8217;Opera, rilassati da noi | Enjoy Opera, unwind with us<\/a><\/h2>\n\n<figure class=\"alignwide wp-block-post-featured-image\"><a href=\"https:\/\/villabottini.it\/en\/goditi-lopera-rilassati-da-noi\/\" target=\"_self\"  ><img loading=\"lazy\" decoding=\"async\" width=\"2560\" height=\"1440\" src=\"https:\/\/villabottini.it\/wp-content\/uploads\/2025\/09\/VB_sponsorizzate-13-scaled.jpg\" class=\"attachment-post-thumbnail size-post-thumbnail wp-post-image\" alt=\"Goditi l&#8217;Opera, rilassati da noi | Enjoy Opera, unwind with us\" style=\"object-fit:cover;\" srcset=\"https:\/\/villabottini.it\/wp-content\/uploads\/2025\/09\/VB_sponsorizzate-13-scaled.jpg 2560w, https:\/\/villabottini.it\/wp-content\/uploads\/2025\/09\/VB_sponsorizzate-13-960x540.jpg 960w, https:\/\/villabottini.it\/wp-content\/uploads\/2025\/09\/VB_sponsorizzate-13-1280x720.jpg 1280w, https:\/\/villabottini.it\/wp-content\/uploads\/2025\/09\/VB_sponsorizzate-13-768x432.jpg 768w, https:\/\/villabottini.it\/wp-content\/uploads\/2025\/09\/VB_sponsorizzate-13-18x10.jpg 18w, https:\/\/villabottini.it\/wp-content\/uploads\/2025\/09\/VB_sponsorizzate-13-1536x864.jpg 1536w, https:\/\/villabottini.it\/wp-content\/uploads\/2025\/09\/VB_sponsorizzate-13-2048x1152.jpg 2048w\" sizes=\"auto, (max-width: 2560px) 100vw, 2560px\" \/><\/a><\/figure>\n\n<div class=\"wp-block-post-excerpt\"><p class=\"wp-block-post-excerpt__excerpt\">La stagione del Teatro Ponchielli, il Museo del Violino, lo Stradivari Festival. Cremona \u00e8 il centro per eccellenza degli amanti della musica. Villa Bottini \u00e8 il luogo che fa per te: prendi un weekend di pausa e vivi il sogno italiano. Per i pernottamenti di tre o pi\u00f9 notti, sconti esclusivi. The Teatro Ponchielli season,&hellip; <\/p><\/div>\n\n\n<hr class=\"wp-block-separator has-css-opacity\"\/>\n\n\n<div class=\"wp-block-post-date\"><time datetime=\"2025-09-26T16:15:55+02:00\">26\/09\/2025<\/time><\/div>\n<\/li><li class=\"wp-block-post post-2169 post type-post status-publish format-standard has-post-thumbnail hentry category-news\">\n<h2 class=\"wp-block-post-title\"><a href=\"https:\/\/villabottini.it\/en\/codice-sconto-festival-monteverdi-2025\/\" target=\"_self\" >Codice sconto Festival Monteverdi 2025<\/a><\/h2>\n\n<figure class=\"alignwide wp-block-post-featured-image\"><a href=\"https:\/\/villabottini.it\/en\/codice-sconto-festival-monteverdi-2025\/\" target=\"_self\"  ><img loading=\"lazy\" decoding=\"async\" width=\"1920\" height=\"1080\" src=\"https:\/\/villabottini.it\/wp-content\/uploads\/2025\/05\/VB_Maggio_monteverdi.png\" class=\"attachment-post-thumbnail size-post-thumbnail wp-post-image\" alt=\"Codice sconto Festival Monteverdi 2025\" style=\"object-fit:cover;\" srcset=\"https:\/\/villabottini.it\/wp-content\/uploads\/2025\/05\/VB_Maggio_monteverdi.png 1920w, https:\/\/villabottini.it\/wp-content\/uploads\/2025\/05\/VB_Maggio_monteverdi-960x540.png 960w, https:\/\/villabottini.it\/wp-content\/uploads\/2025\/05\/VB_Maggio_monteverdi-1280x720.png 1280w, https:\/\/villabottini.it\/wp-content\/uploads\/2025\/05\/VB_Maggio_monteverdi-768x432.png 768w, https:\/\/villabottini.it\/wp-content\/uploads\/2025\/05\/VB_Maggio_monteverdi-18x10.png 18w, https:\/\/villabottini.it\/wp-content\/uploads\/2025\/05\/VB_Maggio_monteverdi-1536x864.png 1536w\" sizes=\"auto, (max-width: 1920px) 100vw, 1920px\" \/><\/a><\/figure>\n\n<div class=\"wp-block-post-excerpt\"><p class=\"wp-block-post-excerpt__excerpt\">Per festeggiare il Festival Monteverdi a Cremona, Villa Bottini ha pensato di dedicare un CODICE SCONTO DEL 20% sul pernottamento, con l&#8217;accesso al parco e alla nostra favolosa piscina incluso! PRENOTA e inserisci il codice al momento della prenotazione: MONTEVERDI2025 (valido fino al 03 luglio 2025) Il Festival prevede ormai da anni un fitto programma&hellip; <\/p><\/div>\n\n\n<hr class=\"wp-block-separator has-css-opacity\"\/>\n\n\n<div class=\"wp-block-post-date\"><time datetime=\"2025-05-30T14:53:10+02:00\">30\/05\/2025<\/time><\/div>\n<\/li><li class=\"wp-block-post post-2130 post type-post status-publish format-standard has-post-thumbnail hentry category-news\">\n<h2 class=\"wp-block-post-title\"><a href=\"https:\/\/villabottini.it\/en\/speciale-week-end-di-primavera\/\" target=\"_self\" >Speciale week-end di primavera<\/a><\/h2>\n\n<figure class=\"alignwide wp-block-post-featured-image\"><a href=\"https:\/\/villabottini.it\/en\/speciale-week-end-di-primavera\/\" target=\"_self\"  ><img loading=\"lazy\" decoding=\"async\" width=\"1920\" height=\"1080\" src=\"https:\/\/villabottini.it\/wp-content\/uploads\/2025\/04\/VB_sponsorizzate-08.jpg\" class=\"attachment-post-thumbnail size-post-thumbnail wp-post-image\" alt=\"Speciale week-end di primavera\" style=\"object-fit:cover;\" srcset=\"https:\/\/villabottini.it\/wp-content\/uploads\/2025\/04\/VB_sponsorizzate-08.jpg 1920w, https:\/\/villabottini.it\/wp-content\/uploads\/2025\/04\/VB_sponsorizzate-08-960x540.jpg 960w, https:\/\/villabottini.it\/wp-content\/uploads\/2025\/04\/VB_sponsorizzate-08-1280x720.jpg 1280w, https:\/\/villabottini.it\/wp-content\/uploads\/2025\/04\/VB_sponsorizzate-08-768x432.jpg 768w, https:\/\/villabottini.it\/wp-content\/uploads\/2025\/04\/VB_sponsorizzate-08-18x10.jpg 18w, https:\/\/villabottini.it\/wp-content\/uploads\/2025\/04\/VB_sponsorizzate-08-1536x864.jpg 1536w\" sizes=\"auto, (max-width: 1920px) 100vw, 1920px\" \/><\/a><\/figure>\n\n<div class=\"wp-block-post-excerpt\"><p class=\"wp-block-post-excerpt__excerpt\">Goditi il parco e scegli Villa Bottini per partire alla scoperta del territorio: Cremona, Soncino, Verolanuova e la Super Bike al Cremona Circuit! <\/p><\/div>\n\n\n<hr class=\"wp-block-separator has-css-opacity\"\/>\n\n\n<div class=\"wp-block-post-date\"><time datetime=\"2025-04-14T00:09:10+02:00\">14\/04\/2025<\/time><\/div>\n<\/li><li class=\"wp-block-post post-2106 post type-post status-publish format-standard hentry category-news\">\n<h2 class=\"wp-block-post-title\"><a href=\"https:\/\/villabottini.it\/en\/affitto-esclusivo-villa\/\" target=\"_self\" >Affitto esclusivo villa<\/a><\/h2>\n\n\n\n<div class=\"wp-block-post-excerpt\"><p class=\"wp-block-post-excerpt__excerpt\">Da novembre a met\u00e0 aprile \u00e8 possibile pernottare a Villa Bottini La Limonaia affittando in esclusiva tutta la struttura: ideale per gruppi di amici o familiari, fino a 14 ospiti, oppure riservare in esclusiva la zona giorno, per ritrovi conviviali fino a 30 persone. <\/p><\/div>\n\n\n<hr class=\"wp-block-separator has-css-opacity\"\/>\n\n\n<div class=\"wp-block-post-date\"><time datetime=\"2025-01-26T07:37:00+02:00\">26\/01\/2025<\/time><\/div>\n<\/li><li class=\"wp-block-post post-2114 post type-post status-publish format-standard hentry category-news\">\n<h2 class=\"wp-block-post-title\"><a href=\"https:\/\/villabottini.it\/en\/visite-guidate-a-villa-bottini-2\/\" target=\"_self\" >Visite guidate a Villa Bottini<\/a><\/h2>\n\n\n\n<div class=\"wp-block-post-excerpt\"><p class=\"wp-block-post-excerpt__excerpt\">Domenica 19 gennaio alle ore 11 e alle ore 15 le prossime visite guidate a tutti gli ambienti di villa e parco, incluse la chiesa di san Rocco e la Limonaia, condotte dalla proprietaria Francesca Bottini. In collaborazione con Lombardia Segreta. Contattare il numero 335 292560 per info e prenotazioni. <\/p><\/div>\n\n\n<hr class=\"wp-block-separator has-css-opacity\"\/>\n\n\n<div class=\"wp-block-post-date\"><time datetime=\"2025-01-12T10:02:32+02:00\">12\/01\/2025<\/time><\/div>\n<\/li><li class=\"wp-block-post post-2101 post type-post status-publish format-standard has-post-thumbnail hentry category-news\">\n<h2 class=\"wp-block-post-title\"><a href=\"https:\/\/villabottini.it\/en\/visite-guidate-a-villa-bottini\/\" target=\"_self\" >Visite guidate a Villa Bottini<\/a><\/h2>\n\n<figure class=\"alignwide wp-block-post-featured-image\"><a href=\"https:\/\/villabottini.it\/en\/visite-guidate-a-villa-bottini\/\" target=\"_self\"  ><img loading=\"lazy\" decoding=\"async\" width=\"1920\" height=\"1440\" src=\"https:\/\/villabottini.it\/wp-content\/uploads\/2024\/11\/20180303_101719.jpg\" class=\"attachment-post-thumbnail size-post-thumbnail wp-post-image\" alt=\"Visite guidate a Villa Bottini\" style=\"object-fit:cover;\" srcset=\"https:\/\/villabottini.it\/wp-content\/uploads\/2024\/11\/20180303_101719.jpg 1920w, https:\/\/villabottini.it\/wp-content\/uploads\/2024\/11\/20180303_101719-720x540.jpg 720w, https:\/\/villabottini.it\/wp-content\/uploads\/2024\/11\/20180303_101719-960x720.jpg 960w, https:\/\/villabottini.it\/wp-content\/uploads\/2024\/11\/20180303_101719-768x576.jpg 768w, https:\/\/villabottini.it\/wp-content\/uploads\/2024\/11\/20180303_101719-1536x1152.jpg 1536w, https:\/\/villabottini.it\/wp-content\/uploads\/2024\/11\/20180303_101719-16x12.jpg 16w\" sizes=\"auto, (max-width: 1920px) 100vw, 1920px\" \/><\/a><\/figure>\n\n<div class=\"wp-block-post-excerpt\"><p class=\"wp-block-post-excerpt__excerpt\">Gioved\u00ec\u00a026 dicembre, Santo Stefano, Francesca Bottini illustrer\u00e0 la villa alle\u00a0ore 11 e alle ore 15, in collaborazione con Lombardia Segreta. <\/p><\/div>\n\n\n<hr class=\"wp-block-separator has-css-opacity\"\/>\n\n\n<div class=\"wp-block-post-date\"><time datetime=\"2024-12-11T14:10:22+02:00\">11\/12\/2024<\/time><\/div>\n<\/li><li class=\"wp-block-post post-1878 post type-post status-publish format-standard has-post-thumbnail hentry category-news\">\n<h2 class=\"wp-block-post-title\"><a href=\"https:\/\/villabottini.it\/en\/chateau-cadeaux-2024\/\" target=\"_self\" >Ch\u00e2teau Cadeaux: Villa Bottini's pre-Christmas event is back!<\/a><\/h2>\n\n<figure class=\"alignwide wp-block-post-featured-image\"><a href=\"https:\/\/villabottini.it\/en\/chateau-cadeaux-2024\/\" target=\"_self\"  ><img loading=\"lazy\" decoding=\"async\" width=\"1920\" height=\"1080\" src=\"https:\/\/villabottini.it\/wp-content\/uploads\/2024\/11\/Villa-Bottini-Natale.jpg\" class=\"attachment-post-thumbnail size-post-thumbnail wp-post-image\" alt=\"Ch\u00e2teau Cadeaux: torna l&#8217;evento prenatalizio di Villa Bottini!\" style=\"object-fit:cover;\" srcset=\"https:\/\/villabottini.it\/wp-content\/uploads\/2024\/11\/Villa-Bottini-Natale.jpg 1920w, https:\/\/villabottini.it\/wp-content\/uploads\/2024\/11\/Villa-Bottini-Natale-960x540.jpg 960w, https:\/\/villabottini.it\/wp-content\/uploads\/2024\/11\/Villa-Bottini-Natale-1280x720.jpg 1280w, https:\/\/villabottini.it\/wp-content\/uploads\/2024\/11\/Villa-Bottini-Natale-768x432.jpg 768w, https:\/\/villabottini.it\/wp-content\/uploads\/2024\/11\/Villa-Bottini-Natale-1536x864.jpg 1536w, https:\/\/villabottini.it\/wp-content\/uploads\/2024\/11\/Villa-Bottini-Natale-18x10.jpg 18w\" sizes=\"auto, (max-width: 1920px) 100vw, 1920px\" \/><\/a><\/figure>\n\n<div class=\"wp-block-post-excerpt\"><p class=\"wp-block-post-excerpt__excerpt\">20 selected artisans offer gift ideas in the rooms and under the porticoes of the villa, among the glittering decorations of the upcoming holidays. <\/p><\/div>\n\n\n<hr class=\"wp-block-separator has-css-opacity\"\/>\n\n\n<div class=\"wp-block-post-date\"><time datetime=\"2024-10-29T16:38:36+02:00\">29\/10\/2024<\/time><\/div>\n<\/li><\/ul><\/div>","protected":false},"excerpt":{"rendered":"","protected":false},"author":2,"featured_media":0,"parent":0,"menu_order":0,"comment_status":"closed","ping_status":"closed","template":"","meta":{"footnotes":""},"class_list":["post-2347","page","type-page","status-publish","hentry"],"yoast_head":"<!-- This site is optimized with the Yoast SEO plugin v27.2 - https:\/\/yoast.com\/product\/yoast-seo-wordpress\/ -->\n<title>News - Villa Bottini<\/title>\n<meta name=\"robots\" content=\"index, follow, max-snippet:-1, max-image-preview:large, max-video-preview:-1\" \/>\n<link rel=\"canonical\" href=\"https:\/\/villabottini.it\/en\/news\/\" \/>\n<meta property=\"og:locale\" content=\"en_GB\" \/>\n<meta property=\"og:type\" content=\"article\" \/>\n<meta property=\"og:title\" content=\"News - Villa Bottini\" \/>\n<meta property=\"og:url\" content=\"https:\/\/villabottini.it\/en\/news\/\" \/>\n<meta property=\"og:site_name\" content=\"Villa Bottini\" \/>\n<meta property=\"article:publisher\" content=\"https:\/\/www.facebook.com\/villabottini\/\" \/>\n<meta property=\"article:modified_time\" content=\"2026-03-20T09:49:26+00:00\" \/>\n<meta name=\"twitter:card\" content=\"summary_large_image\" \/>\n<script type=\"application\/ld+json\" class=\"yoast-schema-graph\">{\"@context\":\"https:\/\/schema.org\",\"@graph\":[{\"@type\":\"WebPage\",\"@id\":\"https:\/\/villabottini.it\/news\/\",\"url\":\"https:\/\/villabottini.it\/news\/\",\"name\":\"News - Villa Bottini\",\"isPartOf\":{\"@id\":\"https:\/\/villabottini.it\/#website\"},\"datePublished\":\"2026-03-20T09:43:30+00:00\",\"dateModified\":\"2026-03-20T09:49:26+00:00\",\"breadcrumb\":{\"@id\":\"https:\/\/villabottini.it\/news\/#breadcrumb\"},\"inLanguage\":\"en-GB\",\"potentialAction\":[{\"@type\":\"ReadAction\",\"target\":[\"https:\/\/villabottini.it\/news\/\"]}]},{\"@type\":\"BreadcrumbList\",\"@id\":\"https:\/\/villabottini.it\/news\/#breadcrumb\",\"itemListElement\":[{\"@type\":\"ListItem\",\"position\":1,\"name\":\"Home\",\"item\":\"https:\/\/villabottini.it\/\"},{\"@type\":\"ListItem\",\"position\":2,\"name\":\"News\"}]},{\"@type\":\"WebSite\",\"@id\":\"https:\/\/villabottini.it\/#website\",\"url\":\"https:\/\/villabottini.it\/\",\"name\":\"Villa Bottini\",\"description\":\"Villa Bottini La Limonaia\",\"publisher\":{\"@id\":\"https:\/\/villabottini.it\/#organization\"},\"potentialAction\":[{\"@type\":\"SearchAction\",\"target\":{\"@type\":\"EntryPoint\",\"urlTemplate\":\"https:\/\/villabottini.it\/?s={search_term_string}\"},\"query-input\":{\"@type\":\"PropertyValueSpecification\",\"valueRequired\":true,\"valueName\":\"search_term_string\"}}],\"inLanguage\":\"en-GB\"},{\"@type\":\"Organization\",\"@id\":\"https:\/\/villabottini.it\/#organization\",\"name\":\"Villa Bottini\",\"url\":\"https:\/\/villabottini.it\/\",\"logo\":{\"@type\":\"ImageObject\",\"inLanguage\":\"en-GB\",\"@id\":\"https:\/\/villabottini.it\/#\/schema\/logo\/image\/\",\"url\":\"https:\/\/villabottini.it\/wp-content\/uploads\/2024\/10\/logo-villa-bottini-150-trasp.png\",\"contentUrl\":\"https:\/\/villabottini.it\/wp-content\/uploads\/2024\/10\/logo-villa-bottini-150-trasp.png\",\"width\":150,\"height\":149,\"caption\":\"Villa Bottini\"},\"image\":{\"@id\":\"https:\/\/villabottini.it\/#\/schema\/logo\/image\/\"},\"sameAs\":[\"https:\/\/www.facebook.com\/villabottini\/\",\"https:\/\/www.instagram.com\/villabottini\/\"]}]}<\/script>\n<!-- \/ Yoast SEO plugin. -->","yoast_head_json":{"title":"News - Villa Bottini","robots":{"index":"index","follow":"follow","max-snippet":"max-snippet:-1","max-image-preview":"max-image-preview:large","max-video-preview":"max-video-preview:-1"},"canonical":"https:\/\/villabottini.it\/en\/news\/","og_locale":"en_GB","og_type":"article","og_title":"News - Villa Bottini","og_url":"https:\/\/villabottini.it\/en\/news\/","og_site_name":"Villa Bottini","article_publisher":"https:\/\/www.facebook.com\/villabottini\/","article_modified_time":"2026-03-20T09:49:26+00:00","twitter_card":"summary_large_image","schema":{"@context":"https:\/\/schema.org","@graph":[{"@type":"WebPage","@id":"https:\/\/villabottini.it\/news\/","url":"https:\/\/villabottini.it\/news\/","name":"News - Villa Bottini","isPartOf":{"@id":"https:\/\/villabottini.it\/#website"},"datePublished":"2026-03-20T09:43:30+00:00","dateModified":"2026-03-20T09:49:26+00:00","breadcrumb":{"@id":"https:\/\/villabottini.it\/news\/#breadcrumb"},"inLanguage":"en-GB","potentialAction":[{"@type":"ReadAction","target":["https:\/\/villabottini.it\/news\/"]}]},{"@type":"BreadcrumbList","@id":"https:\/\/villabottini.it\/news\/#breadcrumb","itemListElement":[{"@type":"ListItem","position":1,"name":"Home","item":"https:\/\/villabottini.it\/"},{"@type":"ListItem","position":2,"name":"News"}]},{"@type":"WebSite","@id":"https:\/\/villabottini.it\/#website","url":"https:\/\/villabottini.it\/","name":"Villa Bottini","description":"Villa Bottini La Limonaia","publisher":{"@id":"https:\/\/villabottini.it\/#organization"},"potentialAction":[{"@type":"SearchAction","target":{"@type":"EntryPoint","urlTemplate":"https:\/\/villabottini.it\/?s={search_term_string}"},"query-input":{"@type":"PropertyValueSpecification","valueRequired":true,"valueName":"search_term_string"}}],"inLanguage":"en-GB"},{"@type":"Organization","@id":"https:\/\/villabottini.it\/#organization","name":"Villa Bottini","url":"https:\/\/villabottini.it\/","logo":{"@type":"ImageObject","inLanguage":"en-GB","@id":"https:\/\/villabottini.it\/#\/schema\/logo\/image\/","url":"https:\/\/villabottini.it\/wp-content\/uploads\/2024\/10\/logo-villa-bottini-150-trasp.png","contentUrl":"https:\/\/villabottini.it\/wp-content\/uploads\/2024\/10\/logo-villa-bottini-150-trasp.png","width":150,"height":149,"caption":"Villa Bottini"},"image":{"@id":"https:\/\/villabottini.it\/#\/schema\/logo\/image\/"},"sameAs":["https:\/\/www.facebook.com\/villabottini\/","https:\/\/www.instagram.com\/villabottini\/"]}]}},"_links":{"self":[{"href":"https:\/\/villabottini.it\/en\/wp-json\/wp\/v2\/pages\/2347","targetHints":{"allow":["GET"]}}],"collection":[{"href":"https:\/\/villabottini.it\/en\/wp-json\/wp\/v2\/pages"}],"about":[{"href":"https:\/\/villabottini.it\/en\/wp-json\/wp\/v2\/types\/page"}],"author":[{"embeddable":true,"href":"https:\/\/villabottini.it\/en\/wp-json\/wp\/v2\/users\/2"}],"replies":[{"embeddable":true,"href":"https:\/\/villabottini.it\/en\/wp-json\/wp\/v2\/comments?post=2347"}],"version-history":[{"count":5,"href":"https:\/\/villabottini.it\/en\/wp-json\/wp\/v2\/pages\/2347\/revisions"}],"predecessor-version":[{"id":2354,"href":"https:\/\/villabottini.it\/en\/wp-json\/wp\/v2\/pages\/2347\/revisions\/2354"}],"wp:attachment":[{"href":"https:\/\/villabottini.it\/en\/wp-json\/wp\/v2\/media?parent=2347"}],"curies":[{"name":"wp","href":"https:\/\/api.w.org\/{rel}","templated":true}]}}