{"id":1640,"date":"2024-10-18T16:49:29","date_gmt":"2024-10-18T14:49:29","guid":{"rendered":"https:\/\/villabottini.it\/?page_id=1640"},"modified":"2025-01-08T13:03:09","modified_gmt":"2025-01-08T11:03:09","slug":"eventi-e-meeting-aziendali","status":"publish","type":"page","link":"https:\/\/villabottini.it\/en\/eventi-e-meeting-aziendali\/","title":{"rendered":"Private events and business meetings"},"content":{"rendered":"<h2 class=\"wp-block-heading\">Private events and business meetings<\/h2>\n\n\n\n<div style=\"height:40px\" aria-hidden=\"true\" class=\"wp-block-spacer\"><\/div>\n\n\n\n<figure class=\"wp-block-image size-large\"><img loading=\"lazy\" decoding=\"async\" width=\"1280\" height=\"720\" src=\"https:\/\/villabottini.it\/wp-content\/uploads\/2024\/10\/Villa-Bottini-La-Limonaia-1280x720.jpg\" alt=\"Villa Bottini La Limonaia\" class=\"wp-image-1182\" srcset=\"https:\/\/villabottini.it\/wp-content\/uploads\/2024\/10\/Villa-Bottini-La-Limonaia-1280x720.jpg 1280w, https:\/\/villabottini.it\/wp-content\/uploads\/2024\/10\/Villa-Bottini-La-Limonaia-960x540.jpg 960w, https:\/\/villabottini.it\/wp-content\/uploads\/2024\/10\/Villa-Bottini-La-Limonaia-768x432.jpg 768w, https:\/\/villabottini.it\/wp-content\/uploads\/2024\/10\/Villa-Bottini-La-Limonaia-1536x864.jpg 1536w, https:\/\/villabottini.it\/wp-content\/uploads\/2024\/10\/Villa-Bottini-La-Limonaia.jpg 1920w\" sizes=\"auto, (max-width: 1280px) 100vw, 1280px\" \/><\/figure>\n\n\n\n<div style=\"height:50px\" aria-hidden=\"true\" class=\"wp-block-spacer\"><\/div>\n\n\n\n<p>A villa rich in history, charm and charm for <strong>business events<\/strong> which stand out from the usual locations and which focus on <strong>exclusivity of an ancient villa<\/strong>, which can offer environments, rooms, pergola areas in the garden, porches and everything needed for team building events, meetings and work activities away from the chaos and the usual places.<\/p>\n\n\n\n<div style=\"height:30px\" aria-hidden=\"true\" class=\"wp-block-spacer\"><\/div>\n\n\n\n<h3 class=\"wp-block-heading\">Make the difference: smartwork, teamwork and workation at the villa!<\/h3>\n\n\n\n<p>The business world has changed, as well as the needs of professionals, workers, companies and their partners.<br>Villa Bottini provides such a wide range of diverse spaces fit for the new needs and trends: let discover together the right ones for your requests! <\/p>\n\n\n\n<div style=\"height:30px\" aria-hidden=\"true\" class=\"wp-block-spacer\"><\/div>\n\n\n\n<figure class=\"wp-block-gallery has-nested-images columns-default is-cropped wp-block-gallery-1 is-layout-flex wp-block-gallery-is-layout-flex\">\n<figure class=\"wp-block-image size-large\"><img loading=\"lazy\" decoding=\"async\" width=\"720\" height=\"720\" data-id=\"1652\" src=\"https:\/\/villabottini.it\/wp-content\/uploads\/2024\/10\/servizi-aziendali5-720x720.jpg\" alt=\"\" class=\"wp-image-1652\" srcset=\"https:\/\/villabottini.it\/wp-content\/uploads\/2024\/10\/servizi-aziendali5-720x720.jpg 720w, https:\/\/villabottini.it\/wp-content\/uploads\/2024\/10\/servizi-aziendali5-540x540.jpg 540w, https:\/\/villabottini.it\/wp-content\/uploads\/2024\/10\/servizi-aziendali5-768x768.jpg 768w, https:\/\/villabottini.it\/wp-content\/uploads\/2024\/10\/servizi-aziendali5-12x12.jpg 12w, https:\/\/villabottini.it\/wp-content\/uploads\/2024\/10\/servizi-aziendali5.jpg 1000w\" sizes=\"auto, (max-width: 720px) 100vw, 720px\" \/><\/figure>\n\n\n\n<figure class=\"wp-block-image size-large\"><img loading=\"lazy\" decoding=\"async\" width=\"720\" height=\"720\" data-id=\"1651\" src=\"https:\/\/villabottini.it\/wp-content\/uploads\/2024\/10\/servizi-aziendali2-720x720.jpg\" alt=\"\" class=\"wp-image-1651\" srcset=\"https:\/\/villabottini.it\/wp-content\/uploads\/2024\/10\/servizi-aziendali2-720x720.jpg 720w, https:\/\/villabottini.it\/wp-content\/uploads\/2024\/10\/servizi-aziendali2-540x540.jpg 540w, https:\/\/villabottini.it\/wp-content\/uploads\/2024\/10\/servizi-aziendali2-768x768.jpg 768w, https:\/\/villabottini.it\/wp-content\/uploads\/2024\/10\/servizi-aziendali2-12x12.jpg 12w, https:\/\/villabottini.it\/wp-content\/uploads\/2024\/10\/servizi-aziendali2.jpg 1000w\" sizes=\"auto, (max-width: 720px) 100vw, 720px\" \/><\/figure>\n\n\n\n<figure class=\"wp-block-image size-large\"><img loading=\"lazy\" decoding=\"async\" width=\"720\" height=\"720\" data-id=\"1653\" src=\"https:\/\/villabottini.it\/wp-content\/uploads\/2024\/10\/servizi-aziendali4-720x720.jpg\" alt=\"\" class=\"wp-image-1653\" srcset=\"https:\/\/villabottini.it\/wp-content\/uploads\/2024\/10\/servizi-aziendali4-720x720.jpg 720w, https:\/\/villabottini.it\/wp-content\/uploads\/2024\/10\/servizi-aziendali4-540x540.jpg 540w, https:\/\/villabottini.it\/wp-content\/uploads\/2024\/10\/servizi-aziendali4-768x768.jpg 768w, https:\/\/villabottini.it\/wp-content\/uploads\/2024\/10\/servizi-aziendali4-12x12.jpg 12w, https:\/\/villabottini.it\/wp-content\/uploads\/2024\/10\/servizi-aziendali4.jpg 1000w\" sizes=\"auto, (max-width: 720px) 100vw, 720px\" \/><\/figure>\n\n\n\n<figure class=\"wp-block-image size-large\"><img loading=\"lazy\" decoding=\"async\" width=\"720\" height=\"720\" data-id=\"1650\" src=\"https:\/\/villabottini.it\/wp-content\/uploads\/2024\/10\/servizi-aziendali3-720x720.jpg\" alt=\"\" class=\"wp-image-1650\" srcset=\"https:\/\/villabottini.it\/wp-content\/uploads\/2024\/10\/servizi-aziendali3-720x720.jpg 720w, https:\/\/villabottini.it\/wp-content\/uploads\/2024\/10\/servizi-aziendali3-540x540.jpg 540w, https:\/\/villabottini.it\/wp-content\/uploads\/2024\/10\/servizi-aziendali3-768x768.jpg 768w, https:\/\/villabottini.it\/wp-content\/uploads\/2024\/10\/servizi-aziendali3-12x12.jpg 12w, https:\/\/villabottini.it\/wp-content\/uploads\/2024\/10\/servizi-aziendali3.jpg 1000w\" sizes=\"auto, (max-width: 720px) 100vw, 720px\" \/><\/figure>\n\n\n\n<figure class=\"wp-block-image size-large\"><img loading=\"lazy\" decoding=\"async\" width=\"720\" height=\"720\" data-id=\"1654\" src=\"https:\/\/villabottini.it\/wp-content\/uploads\/2024\/10\/servizi-aziendali1-720x720.jpg\" alt=\"\" class=\"wp-image-1654\" srcset=\"https:\/\/villabottini.it\/wp-content\/uploads\/2024\/10\/servizi-aziendali1-720x720.jpg 720w, https:\/\/villabottini.it\/wp-content\/uploads\/2024\/10\/servizi-aziendali1-540x540.jpg 540w, https:\/\/villabottini.it\/wp-content\/uploads\/2024\/10\/servizi-aziendali1-768x768.jpg 768w, https:\/\/villabottini.it\/wp-content\/uploads\/2024\/10\/servizi-aziendali1-12x12.jpg 12w, https:\/\/villabottini.it\/wp-content\/uploads\/2024\/10\/servizi-aziendali1.jpg 1000w\" sizes=\"auto, (max-width: 720px) 100vw, 720px\" \/><\/figure>\n<\/figure>\n\n\n\n<div style=\"height:40px\" aria-hidden=\"true\" class=\"wp-block-spacer\"><\/div>\n\n\n\n<h3 class=\"wp-block-heading\">What we offer<\/h3>\n\n\n\n<p>A huge choice of wonderful halls available<br>More than 1,000 m<sup>2<\/sup> of computer friendly areas with high performance WI-FI<br>Meeting rooms perfect for team work<br>Courtyards and the exclusive Limonaia (lemon-house) to work in open air<br>Private parking<br>Equipped kitchen and wide dining room; coffee break and business lunch on request<br>Private swimming pool and tennis court<br>6 luxury bedrooms to overnight, with b&amp;b service<\/p>","protected":false},"excerpt":{"rendered":"<p>Eventi e meeting aziendali Una villa ricca di storia, fascino e charme per eventi aziendali che si distinguono dalle solite location e che puntano sulla esclusivit\u00e0 di un&#8217;antica dimora, che pu\u00f2 offrire ambienti, sale, zone pergolate in giardino, portici e tutto ci\u00f2 che occorre per eventi di team building, riunioni, meeting e attivit\u00e0 di lavoro [&hellip;]<\/p>\n","protected":false},"author":1,"featured_media":0,"parent":0,"menu_order":0,"comment_status":"closed","ping_status":"closed","template":"page-standard.php","meta":{"footnotes":""},"class_list":["post-1640","page","type-page","status-publish","hentry"],"yoast_head":"<!-- This site is optimized with the Yoast SEO plugin v27.2 - https:\/\/yoast.com\/product\/yoast-seo-wordpress\/ -->\n<title>Eventi e meeting aziendali a Villa Bottini La Limonaia<\/title>\n<meta name=\"description\" content=\"Organizzate i vostri eventi aziendali in una dimora ricca di storia, fascino e charme. Antiche sale, porticati e zone pergolate in giardino.\" \/>\n<meta name=\"robots\" content=\"index, follow, max-snippet:-1, max-image-preview:large, max-video-preview:-1\" \/>\n<link rel=\"canonical\" href=\"https:\/\/villabottini.it\/en\/eventi-e-meeting-aziendali\/\" \/>\n<meta property=\"og:locale\" content=\"en_GB\" \/>\n<meta property=\"og:type\" content=\"article\" \/>\n<meta property=\"og:title\" content=\"Eventi e meeting aziendali a Villa Bottini La Limonaia\" \/>\n<meta property=\"og:description\" content=\"Organizzate i vostri eventi aziendali in una dimora ricca di storia, fascino e charme. Antiche sale, porticati e zone pergolate in giardino.\" \/>\n<meta property=\"og:url\" content=\"https:\/\/villabottini.it\/en\/eventi-e-meeting-aziendali\/\" \/>\n<meta property=\"og:site_name\" content=\"Villa Bottini\" \/>\n<meta property=\"article:publisher\" content=\"https:\/\/www.facebook.com\/villabottini\/\" \/>\n<meta property=\"article:modified_time\" content=\"2025-01-08T11:03:09+00:00\" \/>\n<meta property=\"og:image\" content=\"https:\/\/villabottini.it\/wp-content\/uploads\/2024\/10\/Villa-Bottini-La-Limonaia.jpg\" \/>\n\t<meta property=\"og:image:width\" content=\"1920\" \/>\n\t<meta property=\"og:image:height\" content=\"1080\" \/>\n\t<meta property=\"og:image:type\" content=\"image\/jpeg\" \/>\n<meta name=\"twitter:card\" content=\"summary_large_image\" \/>\n<meta name=\"twitter:label1\" content=\"Estimated reading time\" \/>\n\t<meta name=\"twitter:data1\" content=\"3 minutes\" \/>\n<script type=\"application\/ld+json\" class=\"yoast-schema-graph\">{\"@context\":\"https:\/\/schema.org\",\"@graph\":[{\"@type\":\"WebPage\",\"@id\":\"https:\/\/villabottini.it\/eventi-e-meeting-aziendali\/\",\"url\":\"https:\/\/villabottini.it\/eventi-e-meeting-aziendali\/\",\"name\":\"Eventi e meeting aziendali a Villa Bottini La Limonaia\",\"isPartOf\":{\"@id\":\"https:\/\/villabottini.it\/#website\"},\"primaryImageOfPage\":{\"@id\":\"https:\/\/villabottini.it\/eventi-e-meeting-aziendali\/#primaryimage\"},\"image\":{\"@id\":\"https:\/\/villabottini.it\/eventi-e-meeting-aziendali\/#primaryimage\"},\"thumbnailUrl\":\"https:\/\/villabottini.it\/wp-content\/uploads\/2024\/10\/Villa-Bottini-La-Limonaia-1280x720.jpg\",\"datePublished\":\"2024-10-18T14:49:29+00:00\",\"dateModified\":\"2025-01-08T11:03:09+00:00\",\"description\":\"Organizzate i vostri eventi aziendali in una dimora ricca di storia, fascino e charme. Antiche sale, porticati e zone pergolate in giardino.\",\"breadcrumb\":{\"@id\":\"https:\/\/villabottini.it\/eventi-e-meeting-aziendali\/#breadcrumb\"},\"inLanguage\":\"en-GB\",\"potentialAction\":[{\"@type\":\"ReadAction\",\"target\":[\"https:\/\/villabottini.it\/eventi-e-meeting-aziendali\/\"]}]},{\"@type\":\"ImageObject\",\"inLanguage\":\"en-GB\",\"@id\":\"https:\/\/villabottini.it\/eventi-e-meeting-aziendali\/#primaryimage\",\"url\":\"https:\/\/villabottini.it\/wp-content\/uploads\/2024\/10\/Villa-Bottini-La-Limonaia-1280x720.jpg\",\"contentUrl\":\"https:\/\/villabottini.it\/wp-content\/uploads\/2024\/10\/Villa-Bottini-La-Limonaia-1280x720.jpg\"},{\"@type\":\"BreadcrumbList\",\"@id\":\"https:\/\/villabottini.it\/eventi-e-meeting-aziendali\/#breadcrumb\",\"itemListElement\":[{\"@type\":\"ListItem\",\"position\":1,\"name\":\"Home\",\"item\":\"https:\/\/villabottini.it\/\"},{\"@type\":\"ListItem\",\"position\":2,\"name\":\"Eventi e meeting aziendali\"}]},{\"@type\":\"WebSite\",\"@id\":\"https:\/\/villabottini.it\/#website\",\"url\":\"https:\/\/villabottini.it\/\",\"name\":\"Villa Bottini\",\"description\":\"Villa Bottini La Limonaia\",\"publisher\":{\"@id\":\"https:\/\/villabottini.it\/#organization\"},\"potentialAction\":[{\"@type\":\"SearchAction\",\"target\":{\"@type\":\"EntryPoint\",\"urlTemplate\":\"https:\/\/villabottini.it\/?s={search_term_string}\"},\"query-input\":{\"@type\":\"PropertyValueSpecification\",\"valueRequired\":true,\"valueName\":\"search_term_string\"}}],\"inLanguage\":\"en-GB\"},{\"@type\":\"Organization\",\"@id\":\"https:\/\/villabottini.it\/#organization\",\"name\":\"Villa Bottini\",\"url\":\"https:\/\/villabottini.it\/\",\"logo\":{\"@type\":\"ImageObject\",\"inLanguage\":\"en-GB\",\"@id\":\"https:\/\/villabottini.it\/#\/schema\/logo\/image\/\",\"url\":\"https:\/\/villabottini.it\/wp-content\/uploads\/2024\/10\/logo-villa-bottini-150-trasp.png\",\"contentUrl\":\"https:\/\/villabottini.it\/wp-content\/uploads\/2024\/10\/logo-villa-bottini-150-trasp.png\",\"width\":150,\"height\":149,\"caption\":\"Villa Bottini\"},\"image\":{\"@id\":\"https:\/\/villabottini.it\/#\/schema\/logo\/image\/\"},\"sameAs\":[\"https:\/\/www.facebook.com\/villabottini\/\",\"https:\/\/www.instagram.com\/villabottini\/\"]}]}<\/script>\n<!-- \/ Yoast SEO plugin. -->","yoast_head_json":{"title":"Eventi e meeting aziendali a Villa Bottini La Limonaia","description":"Organizzate i vostri eventi aziendali in una dimora ricca di storia, fascino e charme. Antiche sale, porticati e zone pergolate in giardino.","robots":{"index":"index","follow":"follow","max-snippet":"max-snippet:-1","max-image-preview":"max-image-preview:large","max-video-preview":"max-video-preview:-1"},"canonical":"https:\/\/villabottini.it\/en\/eventi-e-meeting-aziendali\/","og_locale":"en_GB","og_type":"article","og_title":"Eventi e meeting aziendali a Villa Bottini La Limonaia","og_description":"Organizzate i vostri eventi aziendali in una dimora ricca di storia, fascino e charme. Antiche sale, porticati e zone pergolate in giardino.","og_url":"https:\/\/villabottini.it\/en\/eventi-e-meeting-aziendali\/","og_site_name":"Villa Bottini","article_publisher":"https:\/\/www.facebook.com\/villabottini\/","article_modified_time":"2025-01-08T11:03:09+00:00","og_image":[{"width":1920,"height":1080,"url":"https:\/\/villabottini.it\/wp-content\/uploads\/2024\/10\/Villa-Bottini-La-Limonaia.jpg","type":"image\/jpeg"}],"twitter_card":"summary_large_image","twitter_misc":{"Estimated reading time":"3 minutes"},"schema":{"@context":"https:\/\/schema.org","@graph":[{"@type":"WebPage","@id":"https:\/\/villabottini.it\/eventi-e-meeting-aziendali\/","url":"https:\/\/villabottini.it\/eventi-e-meeting-aziendali\/","name":"Eventi e meeting aziendali a Villa Bottini La Limonaia","isPartOf":{"@id":"https:\/\/villabottini.it\/#website"},"primaryImageOfPage":{"@id":"https:\/\/villabottini.it\/eventi-e-meeting-aziendali\/#primaryimage"},"image":{"@id":"https:\/\/villabottini.it\/eventi-e-meeting-aziendali\/#primaryimage"},"thumbnailUrl":"https:\/\/villabottini.it\/wp-content\/uploads\/2024\/10\/Villa-Bottini-La-Limonaia-1280x720.jpg","datePublished":"2024-10-18T14:49:29+00:00","dateModified":"2025-01-08T11:03:09+00:00","description":"Organizzate i vostri eventi aziendali in una dimora ricca di storia, fascino e charme. Antiche sale, porticati e zone pergolate in giardino.","breadcrumb":{"@id":"https:\/\/villabottini.it\/eventi-e-meeting-aziendali\/#breadcrumb"},"inLanguage":"en-GB","potentialAction":[{"@type":"ReadAction","target":["https:\/\/villabottini.it\/eventi-e-meeting-aziendali\/"]}]},{"@type":"ImageObject","inLanguage":"en-GB","@id":"https:\/\/villabottini.it\/eventi-e-meeting-aziendali\/#primaryimage","url":"https:\/\/villabottini.it\/wp-content\/uploads\/2024\/10\/Villa-Bottini-La-Limonaia-1280x720.jpg","contentUrl":"https:\/\/villabottini.it\/wp-content\/uploads\/2024\/10\/Villa-Bottini-La-Limonaia-1280x720.jpg"},{"@type":"BreadcrumbList","@id":"https:\/\/villabottini.it\/eventi-e-meeting-aziendali\/#breadcrumb","itemListElement":[{"@type":"ListItem","position":1,"name":"Home","item":"https:\/\/villabottini.it\/"},{"@type":"ListItem","position":2,"name":"Eventi e meeting aziendali"}]},{"@type":"WebSite","@id":"https:\/\/villabottini.it\/#website","url":"https:\/\/villabottini.it\/","name":"Villa Bottini","description":"Villa Bottini La Limonaia","publisher":{"@id":"https:\/\/villabottini.it\/#organization"},"potentialAction":[{"@type":"SearchAction","target":{"@type":"EntryPoint","urlTemplate":"https:\/\/villabottini.it\/?s={search_term_string}"},"query-input":{"@type":"PropertyValueSpecification","valueRequired":true,"valueName":"search_term_string"}}],"inLanguage":"en-GB"},{"@type":"Organization","@id":"https:\/\/villabottini.it\/#organization","name":"Villa Bottini","url":"https:\/\/villabottini.it\/","logo":{"@type":"ImageObject","inLanguage":"en-GB","@id":"https:\/\/villabottini.it\/#\/schema\/logo\/image\/","url":"https:\/\/villabottini.it\/wp-content\/uploads\/2024\/10\/logo-villa-bottini-150-trasp.png","contentUrl":"https:\/\/villabottini.it\/wp-content\/uploads\/2024\/10\/logo-villa-bottini-150-trasp.png","width":150,"height":149,"caption":"Villa Bottini"},"image":{"@id":"https:\/\/villabottini.it\/#\/schema\/logo\/image\/"},"sameAs":["https:\/\/www.facebook.com\/villabottini\/","https:\/\/www.instagram.com\/villabottini\/"]}]}},"_links":{"self":[{"href":"https:\/\/villabottini.it\/en\/wp-json\/wp\/v2\/pages\/1640","targetHints":{"allow":["GET"]}}],"collection":[{"href":"https:\/\/villabottini.it\/en\/wp-json\/wp\/v2\/pages"}],"about":[{"href":"https:\/\/villabottini.it\/en\/wp-json\/wp\/v2\/types\/page"}],"author":[{"embeddable":true,"href":"https:\/\/villabottini.it\/en\/wp-json\/wp\/v2\/users\/1"}],"replies":[{"embeddable":true,"href":"https:\/\/villabottini.it\/en\/wp-json\/wp\/v2\/comments?post=1640"}],"version-history":[{"count":11,"href":"https:\/\/villabottini.it\/en\/wp-json\/wp\/v2\/pages\/1640\/revisions"}],"predecessor-version":[{"id":2020,"href":"https:\/\/villabottini.it\/en\/wp-json\/wp\/v2\/pages\/1640\/revisions\/2020"}],"wp:attachment":[{"href":"https:\/\/villabottini.it\/en\/wp-json\/wp\/v2\/media?parent=1640"}],"curies":[{"name":"wp","href":"https:\/\/api.w.org\/{rel}","templated":true}]}}